{"id":53,"date":"2018-11-20T17:13:40","date_gmt":"2018-11-20T17:13:40","guid":{"rendered":"http:\/\/omio.tommusdemos.wpengine.com\/?page_id=53"},"modified":"2023-12-02T08:39:39","modified_gmt":"2023-12-02T08:39:39","slug":"nase-sluzby","status":"publish","type":"page","link":"https:\/\/tora.sk\/index.php\/nase-sluzby\/","title":{"rendered":"Na\u0161e slu\u017eby"},"content":{"rendered":"\t\t<div data-elementor-type=\"wp-post\" data-elementor-id=\"53\" class=\"elementor elementor-53\">\n\t\t\t\t\t\t\t\t\t<section class=\"elementor-section elementor-top-section elementor-element elementor-element-057311a elementor-section-boxed elementor-section-height-default elementor-section-height-default\" data-id=\"057311a\" data-element_type=\"section\">\n\t\t\t\t\t\t<div class=\"elementor-container elementor-column-gap-default\">\n\t\t\t\t\t<div class=\"elementor-column elementor-col-100 elementor-top-column elementor-element elementor-element-216558d\" data-id=\"216558d\" data-element_type=\"column\">\n\t\t\t<div class=\"elementor-widget-wrap elementor-element-populated\">\n\t\t\t\t\t\t\t\t<div class=\"elementor-element elementor-element-a0394d0 elementor-widget elementor-widget-tommusrhodus-page-heading-block\" data-id=\"a0394d0\" data-element_type=\"widget\" data-widget_type=\"tommusrhodus-page-heading-block.default\">\n\t\t\t\t<div class=\"elementor-widget-container\">\n\t\t\t\n\t\t\t<div class=\"heading\">\n\t\t\t\t<div class=\"container text-center\">\n\t\t\t\t\t<h1>Spoznajte na\u0161e slu\u017eby<\/h1>\n\t\t\t\t<\/div>\n\t\t\t<\/div>\t\t<\/div>\n\t\t\t\t<\/div>\n\t\t\t\t\t<\/div>\n\t\t<\/div>\n\t\t\t\t\t\t\t<\/div>\n\t\t<\/section>\n\t\t\t\t<section class=\"elementor-section elementor-top-section elementor-element elementor-element-ec7e3c9 elementor-section-boxed elementor-section-height-default elementor-section-height-default\" data-id=\"ec7e3c9\" data-element_type=\"section\">\n\t\t\t\t\t\t<div class=\"elementor-container elementor-column-gap-default\">\n\t\t\t\t\t<div class=\"elementor-column elementor-col-50 elementor-top-column elementor-element elementor-element-3e77920\" data-id=\"3e77920\" data-element_type=\"column\">\n\t\t\t<div class=\"elementor-widget-wrap elementor-element-populated\">\n\t\t\t\t\t\t\t\t<div class=\"elementor-element elementor-element-a8425af elementor-widget elementor-widget-image\" data-id=\"a8425af\" data-element_type=\"widget\" data-widget_type=\"image.default\">\n\t\t\t\t<div class=\"elementor-widget-container\">\n\t\t\t\t\t\t\t\t\t\t\t\t\t\t\t<img loading=\"lazy\" decoding=\"async\" width=\"1024\" height=\"683\" src=\"https:\/\/tora.sk\/wp-content\/uploads\/2021\/03\/event-1024x683.png\" class=\"attachment-large size-large wp-image-831\" alt=\"tora group - event\" srcset=\"https:\/\/tora.sk\/wp-content\/uploads\/2021\/03\/event-1024x683.png 1024w, https:\/\/tora.sk\/wp-content\/uploads\/2021\/03\/event-300x200.png 300w, https:\/\/tora.sk\/wp-content\/uploads\/2021\/03\/event-768x512.png 768w, https:\/\/tora.sk\/wp-content\/uploads\/2021\/03\/event.png 1200w\" sizes=\"auto, (max-width: 1024px) 100vw, 1024px\" \/>\t\t\t\t\t\t\t\t\t\t\t\t\t\t\t<\/div>\n\t\t\t\t<\/div>\n\t\t\t\t\t<\/div>\n\t\t<\/div>\n\t\t\t\t<div class=\"elementor-column elementor-col-50 elementor-top-column elementor-element elementor-element-8379e42\" data-id=\"8379e42\" data-element_type=\"column\">\n\t\t\t<div class=\"elementor-widget-wrap elementor-element-populated\">\n\t\t\t\t\t\t\t\t<div class=\"elementor-element elementor-element-fefff5a elementor-widget elementor-widget-text-editor\" data-id=\"fefff5a\" data-element_type=\"widget\" data-widget_type=\"text-editor.default\">\n\t\t\t\t<div class=\"elementor-widget-container\">\n\t\t\t\t\t\t\t<h3>Eventy<\/h3><p>Organizovanie eventov, firemn\u00fdch ve\u010dierkov, podujat\u00ed a osl\u00e1v m\u00e1me v mal\u00ed\u010dku.<\/p><p>Pod\u013ea va\u0161ich po\u017eiadaviek v\u00e1m zostav\u00edme event na mieru a zabezpe\u010d\u00edme, aby si v\u0161etci hostia odniesli nezabudnute\u013en\u00e9 z\u00e1\u017eitky.<\/p><p>Va\u0161ich kolegov vezmeme na\u00a0teambuilding, na ktorom si okrem \u0161portov\u00fdch \u010di z\u00e1bavn\u00fdch aktiv\u00edt vychutnaj\u00fa aj ve\u010dern\u00fd program s cateringom a barcateringom.<\/p>\t\t\t\t\t\t<\/div>\n\t\t\t\t<\/div>\n\t\t\t\t\t<\/div>\n\t\t<\/div>\n\t\t\t\t\t\t\t<\/div>\n\t\t<\/section>\n\t\t\t\t<section class=\"elementor-section elementor-top-section elementor-element elementor-element-a10dda4 elementor-section-boxed elementor-section-height-default elementor-section-height-default\" data-id=\"a10dda4\" data-element_type=\"section\">\n\t\t\t\t\t\t<div class=\"elementor-container elementor-column-gap-default\">\n\t\t\t\t\t<div class=\"elementor-column elementor-col-50 elementor-top-column elementor-element elementor-element-77477f9\" data-id=\"77477f9\" data-element_type=\"column\">\n\t\t\t<div class=\"elementor-widget-wrap elementor-element-populated\">\n\t\t\t\t\t\t\t\t<div class=\"elementor-element elementor-element-cc5ecfe elementor-widget elementor-widget-text-editor\" data-id=\"cc5ecfe\" data-element_type=\"widget\" data-widget_type=\"text-editor.default\">\n\t\t\t\t<div class=\"elementor-widget-container\">\n\t\t\t\t\t\t\t<h3>V\u00fdstavy<\/h3><p style=\"font-family: 'Work Sans', sans-serif; font-size: 16px;\">Pl\u00e1nujete sa zu\u010dastni\u0165 v\u00fdstav, konferenci\u00ed ? Vieme Vam zabezpe\u010di\u0165 a vyrobi\u0165 prezentacne st\u00e1nky alebo cely koncept prezentacie. R\u00f4zne ne\u0161pecifick\u00e9 tvary, materialy, svetelne alebo zvukov\u00e9 efekty samozrejme vieme jednoducho zabezpe\u010di\u0165.<\/p><p style=\"font-family: 'Work Sans', sans-serif; font-size: 16px;\"><span style=\"color: var( --e-global-color-text ); font-weight: var( --e-global-typography-text-font-weight );\">Na mieru v\u00e1m priprav\u00edme v\u0161etko o<\/span><span style=\"color: var( --e-global-color-text ); font-weight: var( --e-global-typography-text-font-weight );\">d vizu\u00e1lneho n\u00e1vrhu a\u017e po realiz\u00e1ciu.\u00a0<\/span><\/p>\t\t\t\t\t\t<\/div>\n\t\t\t\t<\/div>\n\t\t\t\t\t<\/div>\n\t\t<\/div>\n\t\t\t\t<div class=\"elementor-column elementor-col-50 elementor-top-column elementor-element elementor-element-b6b0369\" data-id=\"b6b0369\" data-element_type=\"column\">\n\t\t\t<div class=\"elementor-widget-wrap elementor-element-populated\">\n\t\t\t\t\t\t\t\t<div class=\"elementor-element elementor-element-89b5b8b elementor-widget elementor-widget-image\" data-id=\"89b5b8b\" data-element_type=\"widget\" data-widget_type=\"image.default\">\n\t\t\t\t<div class=\"elementor-widget-container\">\n\t\t\t\t\t\t\t\t\t\t\t\t\t\t\t<img loading=\"lazy\" decoding=\"async\" width=\"1024\" height=\"683\" src=\"https:\/\/tora.sk\/wp-content\/uploads\/2021\/03\/vystavy-1024x683.png\" class=\"attachment-large size-large wp-image-832\" alt=\"tora group - vystavy\" srcset=\"https:\/\/tora.sk\/wp-content\/uploads\/2021\/03\/vystavy-1024x683.png 1024w, https:\/\/tora.sk\/wp-content\/uploads\/2021\/03\/vystavy-300x200.png 300w, https:\/\/tora.sk\/wp-content\/uploads\/2021\/03\/vystavy-768x512.png 768w, https:\/\/tora.sk\/wp-content\/uploads\/2021\/03\/vystavy.png 1200w\" sizes=\"auto, (max-width: 1024px) 100vw, 1024px\" \/>\t\t\t\t\t\t\t\t\t\t\t\t\t\t\t<\/div>\n\t\t\t\t<\/div>\n\t\t\t\t\t<\/div>\n\t\t<\/div>\n\t\t\t\t\t\t\t<\/div>\n\t\t<\/section>\n\t\t\t\t<section class=\"elementor-section elementor-top-section elementor-element elementor-element-6da8d51 elementor-section-boxed elementor-section-height-default elementor-section-height-default\" data-id=\"6da8d51\" data-element_type=\"section\">\n\t\t\t\t\t\t<div class=\"elementor-container elementor-column-gap-default\">\n\t\t\t\t\t<div class=\"elementor-column elementor-col-50 elementor-top-column elementor-element elementor-element-e140731\" data-id=\"e140731\" data-element_type=\"column\">\n\t\t\t<div class=\"elementor-widget-wrap elementor-element-populated\">\n\t\t\t\t\t\t\t\t<div class=\"elementor-element elementor-element-c8a84e8 elementor-widget elementor-widget-image\" data-id=\"c8a84e8\" data-element_type=\"widget\" data-widget_type=\"image.default\">\n\t\t\t\t<div class=\"elementor-widget-container\">\n\t\t\t\t\t\t\t\t\t\t\t\t\t\t\t<img loading=\"lazy\" decoding=\"async\" width=\"1024\" height=\"683\" src=\"https:\/\/tora.sk\/wp-content\/uploads\/2021\/03\/promotion-1-1024x683.png\" class=\"attachment-large size-large wp-image-837\" alt=\"tora group - promotion\" srcset=\"https:\/\/tora.sk\/wp-content\/uploads\/2021\/03\/promotion-1-1024x683.png 1024w, https:\/\/tora.sk\/wp-content\/uploads\/2021\/03\/promotion-1-300x200.png 300w, https:\/\/tora.sk\/wp-content\/uploads\/2021\/03\/promotion-1-768x512.png 768w, https:\/\/tora.sk\/wp-content\/uploads\/2021\/03\/promotion-1.png 1200w\" sizes=\"auto, (max-width: 1024px) 100vw, 1024px\" \/>\t\t\t\t\t\t\t\t\t\t\t\t\t\t\t<\/div>\n\t\t\t\t<\/div>\n\t\t\t\t\t<\/div>\n\t\t<\/div>\n\t\t\t\t<div class=\"elementor-column elementor-col-50 elementor-top-column elementor-element elementor-element-bb1cbf2\" data-id=\"bb1cbf2\" data-element_type=\"column\">\n\t\t\t<div class=\"elementor-widget-wrap elementor-element-populated\">\n\t\t\t\t\t\t\t\t<div class=\"elementor-element elementor-element-cca8317 elementor-widget elementor-widget-text-editor\" data-id=\"cca8317\" data-element_type=\"widget\" data-widget_type=\"text-editor.default\">\n\t\t\t\t<div class=\"elementor-widget-container\">\n\t\t\t\t\t\t\t<h3>Promotions<\/h3><p style=\"font-family: 'Work Sans', sans-serif; font-size: 16px;\">M\u00e1te nov\u00fd produkt alebo slu\u017ebu a neviete ako ju odprezentova\u0165 svojmu publiku?<\/p><p style=\"font-family: 'Work Sans', sans-serif; font-size: 16px;\"><span style=\"color: var( --e-global-color-text ); font-family: var( --e-global-typography-text-font-family ), Sans-serif; font-size: var( --e-global-typography-text-font-size ); font-weight: var( --e-global-typography-text-font-weight );\">Uvedenie produktu je najd\u00f4le\u017eitej\u0161\u00ed krok, ktory by ste mali zvl\u00e1dnut na v\u00fdbornu.\u00a0<\/span>Priprav\u00edme v\u00e1m unik\u00e1tne n\u00e1vrhy z\u00e1\u017eitkov\u00fdch prezent\u00e1ci\u00ed priamo na va\u0161u cielovku tak aby vas bolo vidno a to origin\u00e1lne<span style=\"color: var( --e-global-color-text ); font-weight: var( --e-global-typography-text-font-weight );\">\u00a0(uvedenia produktov, uv\u00e1dzacie a testovacie roadshows, tasting, samplings, festivaly a podobne).<\/span><\/p>\t\t\t\t\t\t<\/div>\n\t\t\t\t<\/div>\n\t\t\t\t\t<\/div>\n\t\t<\/div>\n\t\t\t\t\t\t\t<\/div>\n\t\t<\/section>\n\t\t\t\t<section class=\"elementor-section elementor-top-section elementor-element elementor-element-5826524 elementor-section-boxed elementor-section-height-default elementor-section-height-default\" data-id=\"5826524\" data-element_type=\"section\">\n\t\t\t\t\t\t<div class=\"elementor-container elementor-column-gap-default\">\n\t\t\t\t\t<div class=\"elementor-column elementor-col-50 elementor-top-column elementor-element elementor-element-9a3eedd\" data-id=\"9a3eedd\" data-element_type=\"column\">\n\t\t\t<div class=\"elementor-widget-wrap elementor-element-populated\">\n\t\t\t\t\t\t\t\t<div class=\"elementor-element elementor-element-5953702 elementor-widget elementor-widget-heading\" data-id=\"5953702\" data-element_type=\"widget\" data-widget_type=\"heading.default\">\n\t\t\t\t<div class=\"elementor-widget-container\">\n\t\t\t<h2 class=\"elementor-heading-title elementor-size-default\"><font color=\"#111111\" face=\"Cardo\" size=\"5\"><span style=\"caret-color: rgb(17, 17, 17); font-weight: 400; white-space-collapse: collapse;\">Skladovanie a logistika<\/span><\/font><br><\/h2>\t\t<\/div>\n\t\t\t\t<\/div>\n\t\t\t\t\t<\/div>\n\t\t<\/div>\n\t\t\t\t<div class=\"elementor-column elementor-col-50 elementor-top-column elementor-element elementor-element-652db84\" data-id=\"652db84\" data-element_type=\"column\">\n\t\t\t<div class=\"elementor-widget-wrap elementor-element-populated\">\n\t\t\t\t\t\t\t\t<div class=\"elementor-element elementor-element-fd4426b elementor-widget elementor-widget-image\" data-id=\"fd4426b\" data-element_type=\"widget\" data-widget_type=\"image.default\">\n\t\t\t\t<div class=\"elementor-widget-container\">\n\t\t\t\t\t\t\t\t\t\t\t\t\t\t\t<img loading=\"lazy\" decoding=\"async\" width=\"1024\" height=\"580\" src=\"https:\/\/tora.sk\/wp-content\/uploads\/2023\/12\/Snimka-obrazovky-2023-12-02-o-9.19.03-1024x580.png\" class=\"attachment-large size-large wp-image-973\" alt=\"\" srcset=\"https:\/\/tora.sk\/wp-content\/uploads\/2023\/12\/Snimka-obrazovky-2023-12-02-o-9.19.03-1024x580.png 1024w, https:\/\/tora.sk\/wp-content\/uploads\/2023\/12\/Snimka-obrazovky-2023-12-02-o-9.19.03-300x170.png 300w, https:\/\/tora.sk\/wp-content\/uploads\/2023\/12\/Snimka-obrazovky-2023-12-02-o-9.19.03-768x435.png 768w, https:\/\/tora.sk\/wp-content\/uploads\/2023\/12\/Snimka-obrazovky-2023-12-02-o-9.19.03.png 1412w\" sizes=\"auto, (max-width: 1024px) 100vw, 1024px\" \/>\t\t\t\t\t\t\t\t\t\t\t\t\t\t\t<\/div>\n\t\t\t\t<\/div>\n\t\t\t\t\t<\/div>\n\t\t<\/div>\n\t\t\t\t\t\t\t<\/div>\n\t\t<\/section>\n\t\t\t\t<section class=\"elementor-section elementor-top-section elementor-element elementor-element-3e42228 elementor-section-boxed elementor-section-height-default elementor-section-height-default\" data-id=\"3e42228\" data-element_type=\"section\">\n\t\t\t\t\t\t<div class=\"elementor-container elementor-column-gap-default\">\n\t\t\t\t\t<div class=\"elementor-column elementor-col-100 elementor-top-column elementor-element elementor-element-f33433b\" data-id=\"f33433b\" data-element_type=\"column\">\n\t\t\t<div class=\"elementor-widget-wrap\">\n\t\t\t\t\t\t\t\t\t<\/div>\n\t\t<\/div>\n\t\t\t\t\t\t\t<\/div>\n\t\t<\/section>\n\t\t\t\t<section class=\"elementor-section elementor-top-section elementor-element elementor-element-c9ebcb2 elementor-section-boxed elementor-section-height-default elementor-section-height-default\" data-id=\"c9ebcb2\" data-element_type=\"section\">\n\t\t\t\t\t\t<div class=\"elementor-container elementor-column-gap-default\">\n\t\t\t\t\t<div class=\"elementor-column elementor-col-100 elementor-top-column elementor-element elementor-element-bab036d\" data-id=\"bab036d\" data-element_type=\"column\">\n\t\t\t<div class=\"elementor-widget-wrap elementor-element-populated\">\n\t\t\t\t\t\t\t\t<div class=\"elementor-element elementor-element-4c2a2ca elementor-widget elementor-widget-text-editor\" data-id=\"4c2a2ca\" data-element_type=\"widget\" data-widget_type=\"text-editor.default\">\n\t\t\t\t<div class=\"elementor-widget-container\">\n\t\t\t\t\t\t\t<p><a href=\"https:\/\/tora.sk\/wp-content\/uploads\/2023\/12\/Cennik-TORA-Group-skladne.pdf\">\u00a0 \u00a0 \u00a0 \u00a0 \u00a0 \u00a0 \u00a0 \u00a0 \u00a0 \u00a0 \u00a0 \u00a0 \u00a0 \u00a0 \u00a0 \u00a0 \u00a0 \u00a0 \u00a0 \u00a0 \u00a0 \u00a0 \u00a0 \u00a0 \u00a0 \u00a0 \u00a0 \u00a0 \u00a0 \u00a0 \u00a0 \u00a0 \u00a0 \u00a0 \u00a0 \u00a0 \u00a0 \u00a0 \u00a0 \u00a0 \u00a0 \u00a0 <strong>Cennik TORA Group<\/strong><\/a><strong>\u00a02023<\/strong><\/p><p>\u00a0<\/p>\t\t\t\t\t\t<\/div>\n\t\t\t\t<\/div>\n\t\t\t\t\t<\/div>\n\t\t<\/div>\n\t\t\t\t\t\t\t<\/div>\n\t\t<\/section>\n\t\t\t\t\t\t\t<\/div>\n\t\t<div class=\"clearfix\"><\/div>","protected":false},"excerpt":{"rendered":"<p>Eventy Organizovanie eventov, firemn\u00fdch ve\u010dierkov, podujat\u00ed a osl\u00e1v m\u00e1me v mal\u00ed\u010dku. Pod\u013ea va\u0161ich po\u017eiadaviek v\u00e1m zostav\u00edme event na mieru a zabezpe\u010d\u00edme, aby&#8230;<\/p>\n","protected":false},"author":1,"featured_media":0,"parent":0,"menu_order":0,"comment_status":"closed","ping_status":"closed","template":"page_page-builder.php","meta":{"footnotes":""},"class_list":["post-53","page","type-page","status-publish","hentry"],"_links":{"self":[{"href":"https:\/\/tora.sk\/index.php\/wp-json\/wp\/v2\/pages\/53","targetHints":{"allow":["GET"]}}],"collection":[{"href":"https:\/\/tora.sk\/index.php\/wp-json\/wp\/v2\/pages"}],"about":[{"href":"https:\/\/tora.sk\/index.php\/wp-json\/wp\/v2\/types\/page"}],"author":[{"embeddable":true,"href":"https:\/\/tora.sk\/index.php\/wp-json\/wp\/v2\/users\/1"}],"replies":[{"embeddable":true,"href":"https:\/\/tora.sk\/index.php\/wp-json\/wp\/v2\/comments?post=53"}],"version-history":[{"count":113,"href":"https:\/\/tora.sk\/index.php\/wp-json\/wp\/v2\/pages\/53\/revisions"}],"predecessor-version":[{"id":990,"href":"https:\/\/tora.sk\/index.php\/wp-json\/wp\/v2\/pages\/53\/revisions\/990"}],"wp:attachment":[{"href":"https:\/\/tora.sk\/index.php\/wp-json\/wp\/v2\/media?parent=53"}],"curies":[{"name":"wp","href":"https:\/\/api.w.org\/{rel}","templated":true}]}}