{"id":49,"date":"2018-11-20T17:08:59","date_gmt":"2018-11-20T17:08:59","guid":{"rendered":"http:\/\/omio.tommusdemos.wpengine.com\/?page_id=49"},"modified":"2021-03-01T20:39:33","modified_gmt":"2021-03-01T20:39:33","slug":"onas","status":"publish","type":"page","link":"https:\/\/tora.sk\/index.php\/onas\/","title":{"rendered":"O n\u00e1s"},"content":{"rendered":"\t\t<div data-elementor-type=\"wp-post\" data-elementor-id=\"49\" class=\"elementor elementor-49\">\n\t\t\t\t\t\t\t\t\t<section class=\"elementor-section elementor-top-section elementor-element elementor-element-fae6d8f elementor-section-boxed elementor-section-height-default elementor-section-height-default\" data-id=\"fae6d8f\" data-element_type=\"section\">\n\t\t\t\t\t\t<div class=\"elementor-container elementor-column-gap-default\">\n\t\t\t\t\t<div class=\"elementor-column elementor-col-100 elementor-top-column elementor-element elementor-element-be17d13\" data-id=\"be17d13\" data-element_type=\"column\">\n\t\t\t<div class=\"elementor-widget-wrap elementor-element-populated\">\n\t\t\t\t\t\t\t\t<div class=\"elementor-element elementor-element-dc8c1d3 elementor-widget elementor-widget-tommusrhodus-page-heading-block\" data-id=\"dc8c1d3\" data-element_type=\"widget\" data-widget_type=\"tommusrhodus-page-heading-block.default\">\n\t\t\t\t<div class=\"elementor-widget-container\">\n\t\t\t\n\t\t\t<div class=\"heading\">\n\t\t\t\t<div class=\"container text-center\">\n\t\t\t\t\t<h1>Sme fullservisov\u00e1 produk\u010dn\u00e1 agent\u00fara.<br \/>Prin\u00e1\u0161ame v\u00e1m origin\u00e1lne rie\u0161enia na mieru.<\/h1>\n\t\t\t\t<\/div>\n\t\t\t<\/div>\t\t<\/div>\n\t\t\t\t<\/div>\n\t\t\t\t\t<\/div>\n\t\t<\/div>\n\t\t\t\t\t\t\t<\/div>\n\t\t<\/section>\n\t\t\t\t<section class=\"elementor-section elementor-top-section elementor-element elementor-element-66d20d7 elementor-section-boxed elementor-section-height-default elementor-section-height-default\" data-id=\"66d20d7\" data-element_type=\"section\">\n\t\t\t\t\t\t<div class=\"elementor-container elementor-column-gap-default\">\n\t\t\t\t\t<div class=\"elementor-column elementor-col-50 elementor-top-column elementor-element elementor-element-19d2c4f\" data-id=\"19d2c4f\" data-element_type=\"column\">\n\t\t\t<div class=\"elementor-widget-wrap elementor-element-populated\">\n\t\t\t\t\t\t\t\t<div class=\"elementor-element elementor-element-616b286 elementor-widget elementor-widget-image\" data-id=\"616b286\" data-element_type=\"widget\" data-widget_type=\"image.default\">\n\t\t\t\t<div class=\"elementor-widget-container\">\n\t\t\t\t\t\t\t\t\t\t\t\t\t\t\t<img loading=\"lazy\" decoding=\"async\" width=\"900\" height=\"1024\" src=\"https:\/\/tora.sk\/wp-content\/uploads\/2021\/02\/about_us_tora-900x1024.png\" class=\"attachment-large size-large wp-image-407\" alt=\"about us\" srcset=\"https:\/\/tora.sk\/wp-content\/uploads\/2021\/02\/about_us_tora-900x1024.png 900w, https:\/\/tora.sk\/wp-content\/uploads\/2021\/02\/about_us_tora-264x300.png 264w, https:\/\/tora.sk\/wp-content\/uploads\/2021\/02\/about_us_tora-768x874.png 768w, https:\/\/tora.sk\/wp-content\/uploads\/2021\/02\/about_us_tora.png 1200w\" sizes=\"auto, (max-width: 900px) 100vw, 900px\" \/>\t\t\t\t\t\t\t\t\t\t\t\t\t\t\t<\/div>\n\t\t\t\t<\/div>\n\t\t\t\t\t<\/div>\n\t\t<\/div>\n\t\t\t\t<div class=\"elementor-column elementor-col-50 elementor-top-column elementor-element elementor-element-ffb64b0\" data-id=\"ffb64b0\" data-element_type=\"column\">\n\t\t\t<div class=\"elementor-widget-wrap elementor-element-populated\">\n\t\t\t\t\t\t\t\t<div class=\"elementor-element elementor-element-5a56129 elementor-widget elementor-widget-text-editor\" data-id=\"5a56129\" data-element_type=\"widget\" data-widget_type=\"text-editor.default\">\n\t\t\t\t<div class=\"elementor-widget-container\">\n\t\t\t\t\t\t\t<p><span style=\"color: var( --e-global-color-text ); font-family: var( --e-global-typography-text-font-family ), Sans-serif; font-size: 16px; font-weight: var( --e-global-typography-text-font-weight );\">Viac ako dve desa\u0165ro\u010dia sa \u00faspe\u0161ne pohybujeme v reklamnom prostred\u00ed. \u00a0Dlhoro\u010dn\u00e9 a rozmanit\u00e9 sk\u00fasenosti s najr\u00f4znej\u0161imi klientmi n\u00e1s vyprofilovali na ve\u013emi flexibiln\u00fa a efekt\u00edvne funguj\u00facu agent\u00faru, reaguj\u00facu okam\u017eite na ak\u00fdko\u013evek podnet od klienta. TORA Group s.r.o sa zameriava na kreat\u00edvne n\u00e1vrhy a realiz\u00e1ciu reklamn\u00fdch kampan\u00ed s r\u00f4znym zameran\u00edm, od v\u00fdstavn\u00fdch st\u00e1nkov, roadshow a\u017e po produkciu a v\u00fdrobu kul\u00eds do tv rekl\u00e1m. \u00a0Agent\u00fara stoj\u00ed za reklamn\u00fdmi kampa\u0148ami zn\u00e1mych automobiliek, pois\u0165ovn\u00ed, b\u00e1nk, mobiln\u00fdch oper\u00e1torov, v\u00fdrobcov r\u00f4znych druhov potrav\u00edn at\u010f. Prezenta\u010dn\u00e9 st\u00e1nky sme naprojektovali a n\u00e1sledne \u00faspe\u0161ne zrealizovali v mest\u00e1ch ako Rotterdam, Mn\u00edchov, Praha, Brno, Budape\u0161\u0165 a Sarajevo. Medzi na\u0161ich v\u00fdznamn\u00fdch klientov patria zna\u010dky BMW, \u0160koda, VW, Orange, Kofola, Budi\u0161 a mnoho in\u00fdch. <\/span><\/p><p><span style=\"color: var( --e-global-color-text ); font-family: var( --e-global-typography-text-font-family ), Sans-serif; font-size: 16px; font-weight: var( --e-global-typography-text-font-weight );\">Typick\u00fdm klientom TORA Group je reklamn\u00e1 agent\u00fara, ktor\u00e1 je priamym zad\u00e1vate\u013eom a pre ktor\u00fa na\u0161a agent\u00fara vytv\u00e1ra fin\u00e1lne produkty.<\/span><\/p>\t\t\t\t\t\t<\/div>\n\t\t\t\t<\/div>\n\t\t\t\t\t<\/div>\n\t\t<\/div>\n\t\t\t\t\t\t\t<\/div>\n\t\t<\/section>\n\t\t\t\t<section class=\"elementor-section elementor-top-section elementor-element elementor-element-b06feb0 elementor-section-boxed elementor-section-height-default elementor-section-height-default\" data-id=\"b06feb0\" data-element_type=\"section\">\n\t\t\t\t\t\t<div class=\"elementor-container elementor-column-gap-default\">\n\t\t\t\t\t<div class=\"elementor-column elementor-col-100 elementor-top-column elementor-element elementor-element-4b5398a\" data-id=\"4b5398a\" data-element_type=\"column\">\n\t\t\t<div class=\"elementor-widget-wrap\">\n\t\t\t\t\t\t\t\t\t<\/div>\n\t\t<\/div>\n\t\t\t\t\t\t\t<\/div>\n\t\t<\/section>\n\t\t\t\t<section class=\"elementor-section elementor-top-section elementor-element elementor-element-3deeff9 elementor-section-boxed elementor-section-height-default elementor-section-height-default\" data-id=\"3deeff9\" data-element_type=\"section\">\n\t\t\t\t\t\t<div class=\"elementor-container elementor-column-gap-default\">\n\t\t\t\t\t<div class=\"elementor-column elementor-col-100 elementor-top-column elementor-element elementor-element-cb2344a\" data-id=\"cb2344a\" data-element_type=\"column\">\n\t\t\t<div class=\"elementor-widget-wrap elementor-element-populated\">\n\t\t\t\t\t\t\t\t<div class=\"elementor-element elementor-element-cf783ab elementor-pagination-position-outside elementor-widget elementor-widget-image-carousel\" data-id=\"cf783ab\" data-element_type=\"widget\" data-settings=\"{&quot;slides_to_show&quot;:&quot;4&quot;,&quot;slides_to_show_tablet&quot;:&quot;2&quot;,&quot;slides_to_show_mobile&quot;:&quot;1&quot;,&quot;slides_to_scroll&quot;:&quot;4&quot;,&quot;navigation&quot;:&quot;dots&quot;,&quot;autoplay&quot;:&quot;yes&quot;,&quot;pause_on_hover&quot;:&quot;yes&quot;,&quot;pause_on_interaction&quot;:&quot;yes&quot;,&quot;autoplay_speed&quot;:5000,&quot;infinite&quot;:&quot;yes&quot;,&quot;speed&quot;:500}\" data-widget_type=\"image-carousel.default\">\n\t\t\t\t<div class=\"elementor-widget-container\">\n\t\t\t\t\t<div class=\"elementor-image-carousel-wrapper swiper-container\" dir=\"ltr\">\n\t\t\t<div class=\"elementor-image-carousel swiper-wrapper\" aria-live=\"off\">\n\t\t\t\t\t\t\t\t<div class=\"swiper-slide\" role=\"group\" aria-roledescription=\"slide\" aria-label=\"1 of 12\"><figure class=\"swiper-slide-inner\"><img decoding=\"async\" class=\"swiper-slide-image\" src=\"https:\/\/tora.sk\/wp-content\/uploads\/elementor\/thumbs\/tora_logos_slider-01-1-p3arlnqyauqe1fjhh5j10ksf8e5y2fgydm0xzq2pyg.png\" alt=\"tora_logos_slider-01\" \/><\/figure><\/div><div class=\"swiper-slide\" role=\"group\" aria-roledescription=\"slide\" aria-label=\"2 of 12\"><figure class=\"swiper-slide-inner\"><img decoding=\"async\" class=\"swiper-slide-image\" src=\"https:\/\/tora.sk\/wp-content\/uploads\/elementor\/thumbs\/tora_logos_slider-02-1-p3arlqkgvcu909fe0oqwq22t0js1pis5dzzefjyjfs.png\" alt=\"tora_logos_slider-02\" \/><\/figure><\/div><div class=\"swiper-slide\" role=\"group\" aria-roledescription=\"slide\" aria-label=\"3 of 12\"><figure class=\"swiper-slide-inner\"><img decoding=\"async\" class=\"swiper-slide-image\" src=\"https:\/\/tora.sk\/wp-content\/uploads\/elementor\/thumbs\/tora_logos_slider-03-1-p3arlqkgvcu909fe0oqwq22t0js1pis5dzzefjyjfs.png\" alt=\"tora_logos_slider-03\" \/><\/figure><\/div><div class=\"swiper-slide\" role=\"group\" aria-roledescription=\"slide\" aria-label=\"4 of 12\"><figure class=\"swiper-slide-inner\"><img decoding=\"async\" class=\"swiper-slide-image\" src=\"https:\/\/tora.sk\/wp-content\/uploads\/elementor\/thumbs\/tora_logos_slider-04-1-p3arlqkgvcu909fe0oqwq22t0js1pis5dzzefjyjfs.png\" alt=\"tora_logos_slider-04\" \/><\/figure><\/div><div class=\"swiper-slide\" role=\"group\" aria-roledescription=\"slide\" aria-label=\"5 of 12\"><figure class=\"swiper-slide-inner\"><img decoding=\"async\" class=\"swiper-slide-image\" src=\"https:\/\/tora.sk\/wp-content\/uploads\/elementor\/thumbs\/tora_logos_slider-05-p3arlqkgvcu909fe0oqwq22t0js1pis5dzzefjyjfs.png\" alt=\"tora_logos_slider-05\" \/><\/figure><\/div><div class=\"swiper-slide\" role=\"group\" aria-roledescription=\"slide\" aria-label=\"6 of 12\"><figure class=\"swiper-slide-inner\"><img decoding=\"async\" class=\"swiper-slide-image\" src=\"https:\/\/tora.sk\/wp-content\/uploads\/elementor\/thumbs\/tora_logos_slider-06-p3arlpmmoisyongr66ca5kbcf5wohtof1vbwy9zxm0.png\" alt=\"tora_logos_slider-06\" \/><\/figure><\/div><div class=\"swiper-slide\" role=\"group\" aria-roledescription=\"slide\" aria-label=\"7 of 12\"><figure class=\"swiper-slide-inner\"><img decoding=\"async\" class=\"swiper-slide-image\" src=\"https:\/\/tora.sk\/wp-content\/uploads\/elementor\/thumbs\/tora_logos_slider-07-p3arlpmmoisyongr66ca5kbcf5wohtof1vbwy9zxm0.png\" alt=\"tora_logos_slider-07\" \/><\/figure><\/div><div class=\"swiper-slide\" role=\"group\" aria-roledescription=\"slide\" aria-label=\"8 of 12\"><figure class=\"swiper-slide-inner\"><img decoding=\"async\" class=\"swiper-slide-image\" src=\"https:\/\/tora.sk\/wp-content\/uploads\/elementor\/thumbs\/tora_logos_slider-08-p3arlpmmoisyongr66ca5kbcf5wohtof1vbwy9zxm0.png\" alt=\"tora_logos_slider-08\" \/><\/figure><\/div><div class=\"swiper-slide\" role=\"group\" aria-roledescription=\"slide\" aria-label=\"9 of 12\"><figure class=\"swiper-slide-inner\"><img decoding=\"async\" class=\"swiper-slide-image\" src=\"https:\/\/tora.sk\/wp-content\/uploads\/elementor\/thumbs\/tora_logos_slider-09-p3arlooshorod1i4bnxnl2jvts1ba4kopqofh01bs8.png\" alt=\"tora_logos_slider-09\" \/><\/figure><\/div><div class=\"swiper-slide\" role=\"group\" aria-roledescription=\"slide\" aria-label=\"10 of 12\"><figure class=\"swiper-slide-inner\"><img decoding=\"async\" class=\"swiper-slide-image\" src=\"https:\/\/tora.sk\/wp-content\/uploads\/elementor\/thumbs\/tora_logos_slider-10-p3arlooshorod1i4bnxnl2jvts1ba4kopqofh01bs8.png\" alt=\"tora_logos_slider-10\" \/><\/figure><\/div><div class=\"swiper-slide\" role=\"group\" aria-roledescription=\"slide\" aria-label=\"11 of 12\"><figure class=\"swiper-slide-inner\"><img decoding=\"async\" class=\"swiper-slide-image\" src=\"https:\/\/tora.sk\/wp-content\/uploads\/elementor\/thumbs\/tora_logos_slider-11-p3arlooshorod1i4bnxnl2jvts1ba4kopqofh01bs8.png\" alt=\"tora_logos_slider-11\" \/><\/figure><\/div><div class=\"swiper-slide\" role=\"group\" aria-roledescription=\"slide\" aria-label=\"12 of 12\"><figure class=\"swiper-slide-inner\"><img decoding=\"async\" class=\"swiper-slide-image\" src=\"https:\/\/tora.sk\/wp-content\/uploads\/elementor\/thumbs\/tora_logos_slider-12-p3arlooshorod1i4bnxnl2jvts1ba4kopqofh01bs8.png\" alt=\"tora_logos_slider-12\" \/><\/figure><\/div>\t\t\t<\/div>\n\t\t\t\t\t\t\t\n\t\t\t\t\t\t\t\t\t<div class=\"swiper-pagination\"><\/div>\n\t\t\t\t\t\t\t\t\t<\/div>\n\t\t\t\t<\/div>\n\t\t\t\t<\/div>\n\t\t\t\t\t<\/div>\n\t\t<\/div>\n\t\t\t\t\t\t\t<\/div>\n\t\t<\/section>\n\t\t\t\t\t\t\t<\/div>\n\t\t<div class=\"clearfix\"><\/div>","protected":false},"excerpt":{"rendered":"<p>Viac ako dve desa\u0165ro\u010dia sa \u00faspe\u0161ne pohybujeme v reklamnom prostred\u00ed. \u00a0Dlhoro\u010dn\u00e9 a rozmanit\u00e9 sk\u00fasenosti s najr\u00f4znej\u0161imi klientmi n\u00e1s vyprofilovali na ve\u013emi flexibiln\u00fa&#8230;<\/p>\n","protected":false},"author":1,"featured_media":0,"parent":0,"menu_order":0,"comment_status":"closed","ping_status":"closed","template":"page_page-builder.php","meta":{"footnotes":""},"class_list":["post-49","page","type-page","status-publish","hentry"],"_links":{"self":[{"href":"https:\/\/tora.sk\/index.php\/wp-json\/wp\/v2\/pages\/49","targetHints":{"allow":["GET"]}}],"collection":[{"href":"https:\/\/tora.sk\/index.php\/wp-json\/wp\/v2\/pages"}],"about":[{"href":"https:\/\/tora.sk\/index.php\/wp-json\/wp\/v2\/types\/page"}],"author":[{"embeddable":true,"href":"https:\/\/tora.sk\/index.php\/wp-json\/wp\/v2\/users\/1"}],"replies":[{"embeddable":true,"href":"https:\/\/tora.sk\/index.php\/wp-json\/wp\/v2\/comments?post=49"}],"version-history":[{"count":85,"href":"https:\/\/tora.sk\/index.php\/wp-json\/wp\/v2\/pages\/49\/revisions"}],"predecessor-version":[{"id":802,"href":"https:\/\/tora.sk\/index.php\/wp-json\/wp\/v2\/pages\/49\/revisions\/802"}],"wp:attachment":[{"href":"https:\/\/tora.sk\/index.php\/wp-json\/wp\/v2\/media?parent=49"}],"curies":[{"name":"wp","href":"https:\/\/api.w.org\/{rel}","templated":true}]}}